{"id":6248,"date":"2023-07-07T13:53:45","date_gmt":"2023-07-07T13:53:45","guid":{"rendered":"https:\/\/dutchandco.nl\/carrieres"},"modified":"2025-01-26T17:40:11","modified_gmt":"2025-01-26T17:40:11","slug":"careers","status":"publish","type":"page","link":"https:\/\/dutchandco.nl\/fr\/careers","title":{"rendered":"Careers"},"content":{"rendered":"\t\t<div data-elementor-type=\"wp-page\" data-elementor-id=\"6248\" class=\"elementor elementor-6248 elementor-989\" data-elementor-post-type=\"page\">\n\t\t\t\t\t\t<section class=\"elementor-section elementor-top-section elementor-element elementor-element-2a92dc2 elementor-section-boxed elementor-section-height-default elementor-section-height-default\" data-id=\"2a92dc2\" data-element_type=\"section\">\n\t\t\t\t\t\t<div class=\"elementor-container elementor-column-gap-default\">\n\t\t\t\t\t<div class=\"elementor-column elementor-col-100 elementor-top-column elementor-element elementor-element-4a8a6b8\" data-id=\"4a8a6b8\" data-element_type=\"column\">\n\t\t\t<div class=\"elementor-widget-wrap elementor-element-populated\">\n\t\t\t\t\t\t<section class=\"elementor-section elementor-inner-section elementor-element elementor-element-233f6dc elementor-section-boxed elementor-section-height-default elementor-section-height-default\" data-id=\"233f6dc\" data-element_type=\"section\">\n\t\t\t\t\t\t<div class=\"elementor-container elementor-column-gap-default\">\n\t\t\t\t\t<div class=\"elementor-column elementor-col-50 elementor-inner-column elementor-element elementor-element-c17390e\" data-id=\"c17390e\" data-element_type=\"column\">\n\t\t\t<div class=\"elementor-widget-wrap elementor-element-populated\">\n\t\t\t\t\t\t<div class=\"elementor-element elementor-element-122aff4 elementor-widget elementor-widget-heading\" data-id=\"122aff4\" data-element_type=\"widget\" data-widget_type=\"heading.default\">\n\t\t\t\t<div class=\"elementor-widget-container\">\n\t\t\t\t\t<h1 class=\"elementor-heading-title elementor-size-default\">Dutch &amp; Co. s'engage \u00e0 fournir un service <b><mark>lieu de travail juste et \u00e9quitable<\/mark><\/b> pour nos employ\u00e9s et nos sous-traitants.<\/h1>\t\t\t\t<\/div>\n\t\t\t\t<\/div>\n\t\t\t\t\t<\/div>\n\t\t<\/div>\n\t\t\t\t<div class=\"elementor-column elementor-col-50 elementor-inner-column elementor-element elementor-element-4cf831e\" data-id=\"4cf831e\" data-element_type=\"column\">\n\t\t\t<div class=\"elementor-widget-wrap\">\n\t\t\t\t\t\t\t<\/div>\n\t\t<\/div>\n\t\t\t\t\t<\/div>\n\t\t<\/section>\n\t\t\t\t\t<\/div>\n\t\t<\/div>\n\t\t\t\t\t<\/div>\n\t\t<\/section>\n\t\t<div data-dce-background-image-url=\"https:\/\/dutchandco.nl\/wp-content\/uploads\/2025\/01\/IMG_E0047-scaled.jpg\" class=\"elementor-element elementor-element-b9994fc e-con-full hero e-flex e-con e-parent\" data-id=\"b9994fc\" data-element_type=\"container\" data-settings=\"{&quot;background_background&quot;:&quot;classic&quot;}\">\n\t\t\t\t<\/div>\n\t\t<div data-dce-background-overlay-image-url=\"https:\/\/dutchandco.nl\/wp-content\/uploads\/2023\/07\/career-backgroundpattern-01.svg\" class=\"elementor-element elementor-element-e4c5b99 e-flex e-con-boxed e-con e-parent\" data-id=\"e4c5b99\" data-element_type=\"container\" data-settings=\"{&quot;background_background&quot;:&quot;classic&quot;}\">\n\t\t\t\t\t<div class=\"e-con-inner\">\n\t\t<div class=\"elementor-element elementor-element-6e1f357 e-con-full e-flex e-con e-child\" data-id=\"6e1f357\" data-element_type=\"container\">\n\t\t\t\t<div class=\"elementor-element elementor-element-bb32eab elementor-widget elementor-widget-heading\" data-id=\"bb32eab\" data-element_type=\"widget\" data-widget_type=\"heading.default\">\n\t\t\t\t<div class=\"elementor-widget-container\">\n\t\t\t\t\t<h5 class=\"elementor-heading-title elementor-size-default\">Dutch &amp; Co. est un <b><mark>employeur respectueux de l'\u00e9galit\u00e9 des chances<\/mark><\/b>Dutch &amp; Co. est un employeur qui souscrit au principe de l'\u00e9galit\u00e9 des chances et s'engage \u00e0 traiter \u00e9quitablement l'ensemble de son personnel et de ses sous-traitants. Nous nous engageons tout particuli\u00e8rement \u00e0 encourager les <b><mark>femmes<\/mark><\/b> \u00e0 nous rejoindre. <\/h5>\t\t\t\t<\/div>\n\t\t\t\t<\/div>\n\t\t\t\t<\/div>\n\t\t<div class=\"elementor-element elementor-element-c4f65e9 e-con-full e-flex e-con e-child\" data-id=\"c4f65e9\" data-element_type=\"container\">\n\t\t\t\t<div class=\"elementor-element elementor-element-96927ab dce_masking-none elementor-widget elementor-widget-image\" data-id=\"96927ab\" data-element_type=\"widget\" data-widget_type=\"image.default\">\n\t\t\t\t<div class=\"elementor-widget-container\">\n\t\t\t\t\t\t\t\t\t\t\t\t\t\t\t<img fetchpriority=\"high\" decoding=\"async\" width=\"715\" height=\"766\" src=\"https:\/\/dutchandco.nl\/wp-content\/uploads\/2025\/01\/GKGHE9019.jpg\" class=\"attachment-large size-large wp-image-7320\" alt=\"GKGHE9019\" srcset=\"\/\/dutchandco.nl\/wp-content\/uploads\/2025\/01\/GKGHE9019.jpg 715w, \/\/dutchandco.nl\/wp-content\/uploads\/2025\/01\/GKGHE9019-280x300.jpg 280w\" sizes=\"(max-width: 715px) 100vw, 715px\" \/>\t\t\t\t\t\t\t\t\t\t\t\t\t\t\t<\/div>\n\t\t\t\t<\/div>\n\t\t\t\t<\/div>\n\t\t<div class=\"elementor-element elementor-element-50e63af e-con-full e-flex e-con e-child\" data-id=\"50e63af\" data-element_type=\"container\">\n\t\t\t\t<div class=\"elementor-element elementor-element-431f7eb dce_masking-none elementor-widget elementor-widget-image\" data-id=\"431f7eb\" data-element_type=\"widget\" data-widget_type=\"image.default\">\n\t\t\t\t<div class=\"elementor-widget-container\">\n\t\t\t\t\t\t\t\t\t\t\t\t\t\t\t<img decoding=\"async\" width=\"2560\" height=\"1707\" src=\"https:\/\/dutchandco.nl\/wp-content\/uploads\/2025\/01\/HAS_1280-scaled.jpg\" class=\"attachment-full size-full wp-image-7302\" alt=\"HAS 1280\" srcset=\"\/\/dutchandco.nl\/wp-content\/uploads\/2025\/01\/HAS_1280-scaled.jpg 2560w, \/\/dutchandco.nl\/wp-content\/uploads\/2025\/01\/HAS_1280-300x200.jpg 300w, \/\/dutchandco.nl\/wp-content\/uploads\/2025\/01\/HAS_1280-1024x683.jpg 1024w, \/\/dutchandco.nl\/wp-content\/uploads\/2025\/01\/HAS_1280-768x512.jpg 768w, \/\/dutchandco.nl\/wp-content\/uploads\/2025\/01\/HAS_1280-1536x1024.jpg 1536w, \/\/dutchandco.nl\/wp-content\/uploads\/2025\/01\/HAS_1280-2048x1365.jpg 2048w\" sizes=\"(max-width: 2560px) 100vw, 2560px\" \/>\t\t\t\t\t\t\t\t\t\t\t\t\t\t\t<\/div>\n\t\t\t\t<\/div>\n\t\t\t\t<\/div>\n\t\t<div class=\"elementor-element elementor-element-02c69c3 e-flex e-con-boxed e-con e-child\" data-id=\"02c69c3\" data-element_type=\"container\">\n\t\t\t\t\t<div class=\"e-con-inner\">\n\t\t\t\t<div class=\"elementor-element elementor-element-600b573 animated-fast elementor-invisible elementor-widget elementor-widget-testimonial-custom\" data-id=\"600b573\" data-element_type=\"widget\" data-settings=\"{&quot;_animation&quot;:&quot;fadeInRight&quot;}\" data-widget_type=\"testimonial-custom.default\">\n\t\t\t\t<div class=\"elementor-widget-container\">\n\t\t\t\t\t\t\t<div class=\"elementor-testimonial-wrapper\">\n\t\t\t\t\t\t\t<div class=\"elementor-testimonial-image\">\n\t\t\t\t\t<img decoding=\"async\" width=\"2048\" height=\"2560\" src=\"https:\/\/dutchandco.nl\/wp-content\/uploads\/2025\/01\/Anna-Damate--scaled.jpg\" class=\"attachment-full size-full wp-image-7062\" alt=\"Anna Damate\" srcset=\"\/\/dutchandco.nl\/wp-content\/uploads\/2025\/01\/Anna-Damate--scaled.jpg 2048w, \/\/dutchandco.nl\/wp-content\/uploads\/2025\/01\/Anna-Damate--240x300.jpg 240w, \/\/dutchandco.nl\/wp-content\/uploads\/2025\/01\/Anna-Damate--819x1024.jpg 819w, \/\/dutchandco.nl\/wp-content\/uploads\/2025\/01\/Anna-Damate--768x960.jpg 768w, \/\/dutchandco.nl\/wp-content\/uploads\/2025\/01\/Anna-Damate--1229x1536.jpg 1229w, \/\/dutchandco.nl\/wp-content\/uploads\/2025\/01\/Anna-Damate--1638x2048.jpg 1638w\" sizes=\"(max-width: 2048px) 100vw, 2048px\" \/>\t\t\t\t<\/div>\n\t\t\t\t\t\t<div class=\"testimonial_content_wrapper\">\n\t\t\t\t\t\t\t\t\t<div class=\"elementor-testimonial-content\">\"J'aime travailler chez Dutch &amp; Co. parce qu'il n'y a pas deux jours identiques. En tant qu'ing\u00e9nieur solaire, je suis souvent sur le terrain pour construire des projets d'envergure pour le compte de nos chers clients. Mais lorsque je ne suis pas sur le terrain avec mes bottes, mon casque et mon gilet r\u00e9fl\u00e9chissant, je suis au bureau, o\u00f9 j'utilise mes comp\u00e9tences en informatique et o\u00f9 j'apprends l'aspect commercial de notre industrie.<\/div>\n\t\t\t\t\n\t\t\t\t\t\t\t\t<div class=\"elementor-testimonial-meta elementor-has-image elementor-testimonial-image-position-aside\">\n\t\t\t\t\t<div class=\"elementor-testimonial-meta-inner\">\n\n\t\t\t\t\t\t\t\t\t\t\t\t<div class=\"elementor-testimonial-details\">\n\t\t\t\t\t\t\t\t\t\t\t\t\t\t\t\t<div class=\"elementor-testimonial-name\">Anna Issahaku Damata<\/div>\n\t\t\t\t\t\t\t\t\t\t\t\t\t\t\t\t\t\t\t\t\t\t\t\t\t<div class=\"elementor-testimonial-job\"><span style=\"letter-spacing: 0.96px;\">Ing\u00e9nieur solaire<\/span><span style=\"letter-spacing: 0.96px;\"><\/span><\/div>\n\t\t\t\t\t\t\t\t\t\t\t\t\t\t\t<\/div>\n\t\t\t\t\t\t\t\t\t\t\t<\/div>\n\t\t\t\t<\/div>\n\t\t\t\t\t\t\t<\/div>\n\t\t<\/div>\n\t\t\t\t\t\t<\/div>\n\t\t\t\t<\/div>\n\t\t\t\t\t<\/div>\n\t\t\t\t<\/div>\n\t\t\t\t\t<\/div>\n\t\t\t\t<\/div>\n\t\t<div class=\"elementor-element elementor-element-a60fa2b e-flex e-con-boxed e-con e-parent\" data-id=\"a60fa2b\" data-element_type=\"container\">\n\t\t\t\t\t<div class=\"e-con-inner\">\n\t\t<div class=\"elementor-element elementor-element-a080c6c e-con-full e-flex e-con e-child\" data-id=\"a080c6c\" data-element_type=\"container\">\n\t\t\t\t<div class=\"elementor-element elementor-element-c48b858 elementor-widget elementor-widget-heading\" data-id=\"c48b858\" data-element_type=\"widget\" data-widget_type=\"heading.default\">\n\t\t\t\t<div class=\"elementor-widget-container\">\n\t\t\t\t\t<h2 class=\"elementor-heading-title elementor-size-default\"><b>Participez \u00e0 notre mission<\/b><\/h2>\t\t\t\t<\/div>\n\t\t\t\t<\/div>\n\t\t\t\t<div class=\"elementor-element elementor-element-a970759 elementor-widget elementor-widget-heading\" data-id=\"a970759\" data-element_type=\"widget\" data-widget_type=\"heading.default\">\n\t\t\t\t<div class=\"elementor-widget-container\">\n\t\t\t\t\t<h5 class=\"elementor-heading-title elementor-size-default\">Nous recherchons des personnes passionn\u00e9es pour nous rejoindre dans notre mission. Nous valorisons les hi\u00e9rarchies horizontales, la communication claire et l' appropriation et la responsabilit\u00e9 totales.  <\/h5>\t\t\t\t<\/div>\n\t\t\t\t<\/div>\n\t\t\t\t<div class=\"elementor-element elementor-element-4962c96 elementor-widget elementor-widget-heading\" data-id=\"4962c96\" data-element_type=\"widget\" data-widget_type=\"heading.default\">\n\t\t\t\t<div class=\"elementor-widget-container\">\n\t\t\t\t\t<h5 class=\"elementor-heading-title elementor-size-default\">N'h\u00e9sitez pas \u00e0 nous contacter pour toute information compl\u00e9mentaire et pour fixer un rendez-vous. <\/h5>\t\t\t\t<\/div>\n\t\t\t\t<\/div>\n\t\t\t\t<\/div>\n\t\t\t\t\t<\/div>\n\t\t\t\t<\/div>\n\t\t<div class=\"elementor-element elementor-element-d954255 e-flex e-con-boxed e-con e-parent\" data-id=\"d954255\" data-element_type=\"container\">\n\t\t\t\t\t<div class=\"e-con-inner\">\n\t\t\t\t<div class=\"elementor-element elementor-element-59d2011 elementor-grid-1 elementor-posts--thumbnail-none career-list elementor-grid-tablet-2 elementor-grid-mobile-1 elementor-widget elementor-widget-posts\" data-id=\"59d2011\" data-element_type=\"widget\" data-settings=\"{&quot;classic_columns&quot;:&quot;1&quot;,&quot;classic_row_gap&quot;:{&quot;unit&quot;:&quot;px&quot;,&quot;size&quot;:24,&quot;sizes&quot;:[]},&quot;pagination_type&quot;:&quot;load_more_infinite_scroll&quot;,&quot;classic_columns_tablet&quot;:&quot;2&quot;,&quot;classic_columns_mobile&quot;:&quot;1&quot;,&quot;classic_row_gap_laptop&quot;:{&quot;unit&quot;:&quot;px&quot;,&quot;size&quot;:&quot;&quot;,&quot;sizes&quot;:[]},&quot;classic_row_gap_tablet&quot;:{&quot;unit&quot;:&quot;px&quot;,&quot;size&quot;:&quot;&quot;,&quot;sizes&quot;:[]},&quot;classic_row_gap_mobile&quot;:{&quot;unit&quot;:&quot;px&quot;,&quot;size&quot;:&quot;&quot;,&quot;sizes&quot;:[]},&quot;load_more_spinner&quot;:{&quot;value&quot;:&quot;fas fa-spinner&quot;,&quot;library&quot;:&quot;fa-solid&quot;}}\" data-widget_type=\"posts.classic\">\n\t\t\t\t<div class=\"elementor-widget-container\">\n\t\t\t\t\t\t\t<div class=\"elementor-posts-container elementor-posts elementor-posts--skin-classic elementor-grid\" role=\"list\">\n\t\t\t\t<article class=\"elementor-post elementor-grid-item post-6299 career type-career status-publish hentry\" role=\"listitem\">\n\t\t\t\t<div class=\"elementor-post__text\">\n\t\t\t\t<div class=\"elementor-post__title\">\n\t\t\t<a href=\"https:\/\/dutchandco.nl\/fr\/career\/coordinateur-om\" >\n\t\t\t\tCoordinateur OM\t\t\t<\/a>\n\t\t<\/div>\n\t\t\t\t<div class=\"elementor-post__meta-data\">\n\t\t\t\t\t<\/div>\n\t\t\n\t\t<a class=\"elementor-post__read-more\" href=\"https:\/\/dutchandco.nl\/fr\/career\/coordinateur-om\" aria-label=\"Read more about Coordinateur OM\" tabindex=\"-1\" >\n\t\t\tPostulez maintenant\t\t<\/a>\n\n\t\t\t\t<\/div>\n\t\t\t\t<\/article>\n\t\t\t\t<\/div>\n\t\t\t\t\t<span class=\"e-load-more-spinner\">\n\t\t\t\t<svg aria-hidden=\"true\" class=\"e-font-icon-svg e-fas-spinner\" viewBox=\"0 0 512 512\" xmlns=\"http:\/\/www.w3.org\/2000\/svg\"><path d=\"M304 48c0 26.51-21.49 48-48 48s-48-21.49-48-48 21.49-48 48-48 48 21.49 48 48zm-48 368c-26.51 0-48 21.49-48 48s21.49 48 48 48 48-21.49 48-48-21.49-48-48-48zm208-208c-26.51 0-48 21.49-48 48s21.49 48 48 48 48-21.49 48-48-21.49-48-48-48zM96 256c0-26.51-21.49-48-48-48S0 229.49 0 256s21.49 48 48 48 48-21.49 48-48zm12.922 99.078c-26.51 0-48 21.49-48 48s21.49 48 48 48 48-21.49 48-48c0-26.509-21.491-48-48-48zm294.156 0c-26.51 0-48 21.49-48 48s21.49 48 48 48 48-21.49 48-48c0-26.509-21.49-48-48-48zM108.922 60.922c-26.51 0-48 21.49-48 48s21.49 48 48 48 48-21.49 48-48-21.491-48-48-48z\"><\/path><\/svg>\t\t\t<\/span>\n\t\t\n\t\t\t\t\t\t<\/div>\n\t\t\t\t<\/div>\n\t\t\t\t\t<\/div>\n\t\t\t\t<\/div>\n\t\t\t\t<\/div>\n\t\t","protected":false},"excerpt":{"rendered":"<p>Dutch &amp; Co. s&rsquo;engage \u00e0 fournir un service lieu de travail juste et \u00e9quitable pour nos employ\u00e9s et nos sous-traitants. Dutch &amp; Co. est un<\/p>\n","protected":false},"author":1,"featured_media":0,"parent":0,"menu_order":0,"comment_status":"closed","ping_status":"closed","template":"","meta":{"inline_featured_image":false,"footnotes":""},"class_list":["post-6248","page","type-page","status-publish","hentry"],"acf":[],"_links":{"self":[{"href":"https:\/\/dutchandco.nl\/fr\/wp-json\/wp\/v2\/pages\/6248","targetHints":{"allow":["GET"]}}],"collection":[{"href":"https:\/\/dutchandco.nl\/fr\/wp-json\/wp\/v2\/pages"}],"about":[{"href":"https:\/\/dutchandco.nl\/fr\/wp-json\/wp\/v2\/types\/page"}],"author":[{"embeddable":true,"href":"https:\/\/dutchandco.nl\/fr\/wp-json\/wp\/v2\/users\/1"}],"replies":[{"embeddable":true,"href":"https:\/\/dutchandco.nl\/fr\/wp-json\/wp\/v2\/comments?post=6248"}],"version-history":[{"count":52,"href":"https:\/\/dutchandco.nl\/fr\/wp-json\/wp\/v2\/pages\/6248\/revisions"}],"predecessor-version":[{"id":7898,"href":"https:\/\/dutchandco.nl\/fr\/wp-json\/wp\/v2\/pages\/6248\/revisions\/7898"}],"wp:attachment":[{"href":"https:\/\/dutchandco.nl\/fr\/wp-json\/wp\/v2\/media?parent=6248"}],"curies":[{"name":"wp","href":"https:\/\/api.w.org\/{rel}","templated":true}]}}