{"id":6290,"date":"2023-07-19T12:45:18","date_gmt":"2023-07-19T12:45:18","guid":{"rendered":"https:\/\/dutchandco.nl\/solutions-led"},"modified":"2025-01-27T17:03:12","modified_gmt":"2025-01-27T17:03:12","slug":"led-solutions","status":"publish","type":"page","link":"https:\/\/dutchandco.nl\/fr\/led-solutions","title":{"rendered":"LED Solutions"},"content":{"rendered":"\t\t<div data-elementor-type=\"wp-page\" data-elementor-id=\"6290\" class=\"elementor elementor-6290 elementor-2321\" data-elementor-post-type=\"page\">\n\t\t\t\t<div class=\"elementor-element elementor-element-2f33269 e-flex e-con-boxed e-con e-parent\" data-id=\"2f33269\" data-element_type=\"container\">\n\t\t\t\t\t<div class=\"e-con-inner\">\n\t\t<div class=\"elementor-element elementor-element-8519489 e-con-full e-flex e-con e-child\" data-id=\"8519489\" data-element_type=\"container\">\n\t\t<div class=\"elementor-element elementor-element-1c6e8d6 e-con-full e-flex e-con e-child\" data-id=\"1c6e8d6\" data-element_type=\"container\">\n\t\t<div class=\"elementor-element elementor-element-d723ea9 e-con-full e-flex e-con e-child\" data-id=\"d723ea9\" data-element_type=\"container\">\n\t\t\t\t<div class=\"elementor-element elementor-element-f9db326 elementor-widget__width-initial elementor-widget elementor-widget-heading\" data-id=\"f9db326\" data-element_type=\"widget\" data-widget_type=\"heading.default\">\n\t\t\t\t<div class=\"elementor-widget-container\">\n\t\t\t\t\t<h1 class=\"elementor-heading-title elementor-size-default\">Dutch  Co. est sp\u00e9cialis\u00e9e dans l'\u00e9clairage <b><mark>LED \u00e0 haut rendement\u00e9nerg\u00e9tique <\/mark><\/b>. <\/h1>\t\t\t\t<\/div>\n\t\t\t\t<\/div>\n\t\t\t\t<div class=\"elementor-element elementor-element-4d8694c elementor-widget elementor-widget-cta-button\" data-id=\"4d8694c\" data-element_type=\"widget\" data-widget_type=\"cta-button.default\">\n\t\t\t\t<div class=\"elementor-widget-container\">\n\t\t\t\t\t        <div class=\"text-center\">\n            <a class=\"cta-button  green-white medium\" role=\"\" aria-label=\"\" href=\"\/contact-us#led-solutions\">\n                Talk to us now            <\/a>\n        <\/div>\n    \t\t\t\t<\/div>\n\t\t\t\t<\/div>\n\t\t\t\t<\/div>\n\t\t<div class=\"elementor-element elementor-element-c364a2e e-con-full e-flex e-con e-child\" data-id=\"c364a2e\" data-element_type=\"container\">\n\t\t\t\t<\/div>\n\t\t\t\t<\/div>\n\t\t\t\t<\/div>\n\t\t\t\t\t<\/div>\n\t\t\t\t<\/div>\n\t\t<div data-dce-background-image-url=\"https:\/\/dutchandco.nl\/wp-content\/uploads\/2025\/01\/5K7A8437-scaled.jpg\" class=\"elementor-element elementor-element-796b671 e-con-full hero e-flex e-con e-parent\" data-id=\"796b671\" data-element_type=\"container\" data-settings=\"{&quot;background_background&quot;:&quot;classic&quot;}\">\n\t\t\t\t<\/div>\n\t\t\t\t<section class=\"elementor-section elementor-top-section elementor-element elementor-element-9ca6e4e elementor-section-boxed elementor-section-height-default elementor-section-height-default\" data-id=\"9ca6e4e\" data-element_type=\"section\" data-settings=\"{&quot;background_background&quot;:&quot;classic&quot;}\">\n\t\t\t\t\t\t<div class=\"elementor-container elementor-column-gap-default\">\n\t\t\t\t\t<div class=\"elementor-column elementor-col-33 elementor-top-column elementor-element elementor-element-cb8418a\" data-id=\"cb8418a\" data-element_type=\"column\">\n\t\t\t<div class=\"elementor-widget-wrap elementor-element-populated\">\n\t\t\t\t\t\t<div class=\"elementor-element elementor-element-a3304a1 elementor-widget__width-initial elementor-widget elementor-widget-heading\" data-id=\"a3304a1\" data-element_type=\"widget\" data-widget_type=\"heading.default\">\n\t\t\t\t<div class=\"elementor-widget-container\">\n\t\t\t\t\t<h5 class=\"elementor-heading-title elementor-size-default\">En tant que distributeur et grossiste de luminaires au Ghana, nous offrons une large gamme de <font color=\"#8dc641\"><b>solutions d'\u00e9clairage \u00e0 long terme<\/b><\/font>, de produits et de services ; de la conception et de la simulation de l'\u00e9clairage \u00e0 la <mark><b>fourniture <\/b><\/mark>et \u00e0 l' <mark><b>installation <\/b><\/mark>de produits d' \u00e9clairage LED.<\/h5>\t\t\t\t<\/div>\n\t\t\t\t<\/div>\n\t\t\t\t\t<\/div>\n\t\t<\/div>\n\t\t\t\t<div class=\"elementor-column elementor-col-66 elementor-top-column elementor-element elementor-element-7ccf815\" data-id=\"7ccf815\" data-element_type=\"column\">\n\t\t\t<div class=\"elementor-widget-wrap elementor-element-populated\">\n\t\t\t\t\t\t<div class=\"elementor-element elementor-element-fde4bf6 animated-fast elementor-invisible elementor-widget elementor-widget-testimonial-custom\" data-id=\"fde4bf6\" data-element_type=\"widget\" data-settings=\"{&quot;_animation&quot;:&quot;fadeInRight&quot;}\" data-widget_type=\"testimonial-custom.default\">\n\t\t\t\t<div class=\"elementor-widget-container\">\n\t\t\t\t\t\t\t<div class=\"elementor-testimonial-wrapper\">\n\t\t\t\t\t\t\t<div class=\"elementor-testimonial-image\">\n\t\t\t\t\t<img fetchpriority=\"high\" decoding=\"async\" width=\"500\" height=\"500\" src=\"https:\/\/dutchandco.nl\/wp-content\/uploads\/2023\/08\/408445835_10161406774884558_3748718211192742501_n.jpg\" class=\"attachment-full size-full wp-image-7197\" alt=\"408445835 10161406774884558 3748718211192742501 n\" srcset=\"\/\/dutchandco.nl\/wp-content\/uploads\/2023\/08\/408445835_10161406774884558_3748718211192742501_n.jpg 500w, \/\/dutchandco.nl\/wp-content\/uploads\/2023\/08\/408445835_10161406774884558_3748718211192742501_n-300x300.jpg 300w, \/\/dutchandco.nl\/wp-content\/uploads\/2023\/08\/408445835_10161406774884558_3748718211192742501_n-150x150.jpg 150w\" sizes=\"(max-width: 500px) 100vw, 500px\" \/>\t\t\t\t<\/div>\n\t\t\t\t\t\t<div class=\"testimonial_content_wrapper\">\n\t\t\t\t\t\t\t\t\t<div class=\"elementor-testimonial-content\"><span style=\"text-align: left;\">\u201cWhen we were establishing our Ghana operations, we knew we wanted to use LED lighting and solar energy because it fitted our needs. Not only did Dutch &amp; Co design and install both LED lights and solar panels for us, but their after sales has been good, which is why we continue to work with them..\u201d<\/span><span style=\"text-align: left;\"><\/span><\/div>\n\t\t\t\t\n\t\t\t\t\t\t\t\t<div class=\"elementor-testimonial-meta elementor-has-image elementor-testimonial-image-position-aside\">\n\t\t\t\t\t<div class=\"elementor-testimonial-meta-inner\">\n\n\t\t\t\t\t\t\t\t\t\t\t\t<div class=\"elementor-testimonial-details\">\n\t\t\t\t\t\t\t\t\t\t\t\t\t\t\t\t<div class=\"elementor-testimonial-name\">Dirk de Bruin<\/div>\n\t\t\t\t\t\t\t\t\t\t\t\t\t\t\t\t\t\t\t\t\t\t\t\t\t<div class=\"elementor-testimonial-job\"><span style=\"letter-spacing: 0.96px;\">Managing Director, CWT Commodities Ghana<\/span><span style=\"letter-spacing: 0.96px;\"><\/span><\/div>\n\t\t\t\t\t\t\t\t\t\t\t\t\t\t\t<\/div>\n\t\t\t\t\t\t\t\t\t\t\t<\/div>\n\t\t\t\t<\/div>\n\t\t\t\t\t\t\t<\/div>\n\t\t<\/div>\n\t\t\t\t\t\t<\/div>\n\t\t\t\t<\/div>\n\t\t\t\t\t<\/div>\n\t\t<\/div>\n\t\t\t\t\t<\/div>\n\t\t<\/section>\n\t\t\t\t<section data-dce-background-overlay-image-url=\"https:\/\/dutchandco.nl\/wp-content\/uploads\/2023\/07\/dc-pv-solarBG-01.svg\" class=\"elementor-section elementor-top-section elementor-element elementor-element-fe9cce6 elementor-section-boxed elementor-section-height-default elementor-section-height-default\" data-id=\"fe9cce6\" data-element_type=\"section\" data-settings=\"{&quot;background_background&quot;:&quot;classic&quot;}\">\n\t\t\t\t\t\t\t<div class=\"elementor-background-overlay\"><\/div>\n\t\t\t\t\t\t\t<div class=\"elementor-container elementor-column-gap-default\">\n\t\t\t\t\t<div class=\"elementor-column elementor-col-100 elementor-top-column elementor-element elementor-element-b30d1f7\" data-id=\"b30d1f7\" data-element_type=\"column\">\n\t\t\t<div class=\"elementor-widget-wrap elementor-element-populated\">\n\t\t\t\t<div class=\"elementor-element elementor-element-4311551 e-con-full e-flex e-con e-parent\" data-id=\"4311551\" data-element_type=\"container\">\n\t\t<div class=\"elementor-element elementor-element-1383764 e-con-full e-flex e-con e-child\" data-id=\"1383764\" data-element_type=\"container\">\n\t\t\t\t<div class=\"elementor-element elementor-element-c889335 elementor-widget elementor-widget-heading\" data-id=\"c889335\" data-element_type=\"widget\" data-widget_type=\"heading.default\">\n\t\t\t\t<div class=\"elementor-widget-container\">\n\t\t\t\t\t<h3 class=\"elementor-heading-title elementor-size-default\">Nous <b><mark>offrons des garanties pour <\/mark> <\/b> tous les achats et toutes les installations.<\/h3>\t\t\t\t<\/div>\n\t\t\t\t<\/div>\n\t\t\t\t<div class=\"elementor-element elementor-element-23adcff elementor-widget elementor-widget-heading\" data-id=\"23adcff\" data-element_type=\"widget\" data-widget_type=\"heading.default\">\n\t\t\t\t<div class=\"elementor-widget-container\">\n\t\t\t\t\t<div class=\"elementor-heading-title elementor-size-default\">\u00c0 PROPOS<\/div>\t\t\t\t<\/div>\n\t\t\t\t<\/div>\n\t\t\t\t<div class=\"elementor-element elementor-element-d7f63e7 elementor-widget elementor-widget-heading\" data-id=\"d7f63e7\" data-element_type=\"widget\" data-widget_type=\"heading.default\">\n\t\t\t\t<div class=\"elementor-widget-container\">\n\t\t\t\t\t<p class=\"elementor-heading-title elementor-size-default\">En tant que distributeur et grossiste de luminaires au Ghana, nous offrons une large gamme de solutions, de produits et de services d'\u00e9clairage \u00e0 long terme, depuis les conceptions et simulations d'\u00e9clairage AutoCAD\/DIAlux jusqu'\u00e0 la fourniture et l'installation de produits d'\u00e9clairage LED pour l'\u00e9clairage g\u00e9n\u00e9ral et les applications commerciales. Notre gamme compl\u00e8te de produits LED comprend des produits architecturaux et techniques pour le logement, le commerce, l'industrie, l'h\u00f4tellerie, les soins, les parkings et les espaces publics, des solutions de modernisation, des lampadaires ext\u00e9rieurs et l'\u00e9clairage public. Nous fournissons des plans d'\u00e9clairage sur mesure pour des projets sp\u00e9cifiques, personnalis\u00e9s pour r\u00e9pondre \u00e0 vos besoins sp\u00e9cifiques.  <\/p>\t\t\t\t<\/div>\n\t\t\t\t<\/div>\n\t\t\t\t<\/div>\n\t\t<div class=\"elementor-element elementor-element-c8fef87 e-con-full e-flex e-con e-child\" data-id=\"c8fef87\" data-element_type=\"container\" style=\"position:relative\">\n\t\t\t\t<\/div>\n\t\t<div class=\"elementor-element elementor-element-b216b04 e-con-full e-flex e-con e-child\" data-id=\"b216b04\" data-element_type=\"container\" style=\"position:relative\">\n\t\t\t\t<div class=\"elementor-element elementor-element-7a14d38 dce_masking-none elementor-widget elementor-widget-image\" data-id=\"7a14d38\" data-element_type=\"widget\" data-widget_type=\"image.default\">\n\t\t\t\t<div class=\"elementor-widget-container\">\n\t\t\t\t\t\t\t\t\t\t\t\t\t\t\t<img decoding=\"async\" width=\"800\" height=\"480\" src=\"https:\/\/dutchandco.nl\/wp-content\/uploads\/2025\/01\/The-Royal-Senchi-Resort-day-external.jpg\" class=\"attachment-large size-large wp-image-7558\" alt=\"The Royal Senchi Resort day external\" srcset=\"\/\/dutchandco.nl\/wp-content\/uploads\/2025\/01\/The-Royal-Senchi-Resort-day-external.jpg 800w, \/\/dutchandco.nl\/wp-content\/uploads\/2025\/01\/The-Royal-Senchi-Resort-day-external-300x180.jpg 300w, \/\/dutchandco.nl\/wp-content\/uploads\/2025\/01\/The-Royal-Senchi-Resort-day-external-768x461.jpg 768w\" sizes=\"(max-width: 800px) 100vw, 800px\" \/>\t\t\t\t\t\t\t\t\t\t\t\t\t\t\t<\/div>\n\t\t\t\t<\/div>\n\t\t\t\t<\/div>\n\t\t\t\t<\/div>\n\t\t<div class=\"elementor-element elementor-element-901650b e-con-full e-flex e-con e-parent\" data-id=\"901650b\" data-element_type=\"container\">\n\t\t<div class=\"elementor-element elementor-element-b51bbce e-con-full e-flex e-con e-child\" data-id=\"b51bbce\" data-element_type=\"container\">\n\t\t<div data-dce-background-image-url=\"https:\/\/dutchandco.nl\/wp-content\/uploads\/2025\/01\/IMG_1543-scaled.jpg\" class=\"elementor-element elementor-element-ab08891 feature-image e-flex e-con-boxed e-con e-child\" data-id=\"ab08891\" data-element_type=\"container\" data-settings=\"{&quot;background_background&quot;:&quot;classic&quot;}\">\n\t\t\t\t\t<div class=\"e-con-inner\">\n\t\t\t\t\t<\/div>\n\t\t\t\t<\/div>\n\t\t<div data-dce-background-image-url=\"https:\/\/dutchandco.nl\/wp-content\/uploads\/2025\/01\/Adomi-Bridge-scaled-e1737827597145.jpg\" class=\"elementor-element elementor-element-1a88727 feature-image e-flex e-con-boxed e-con e-child\" data-id=\"1a88727\" data-element_type=\"container\" data-settings=\"{&quot;background_background&quot;:&quot;classic&quot;}\">\n\t\t\t\t\t<div class=\"e-con-inner\">\n\t\t\t\t\t<\/div>\n\t\t\t\t<\/div>\n\t\t\t\t<\/div>\n\t\t<div class=\"elementor-element elementor-element-44e987f e-con-full e-flex e-con e-child\" data-id=\"44e987f\" data-element_type=\"container\">\n\t\t\t\t<div class=\"elementor-element elementor-element-df67461 elementor-widget elementor-widget-heading\" data-id=\"df67461\" data-element_type=\"widget\" data-widget_type=\"heading.default\">\n\t\t\t\t<div class=\"elementor-widget-container\">\n\t\t\t\t\t<h3 class=\"elementor-heading-title elementor-size-default\">Notre objectif est d '<b><mark>optimiser le rapport qualit\u00e9-prix, de <\/mark><\/b> garantir la durabilit\u00e9, d'assurer un <b><mark>faible co\u00fbt <\/mark><\/b>de possession et de cr\u00e9er un attrait esth\u00e9tique. <\/h3>\t\t\t\t<\/div>\n\t\t\t\t<\/div>\n\t\t<div data-dce-background-image-url=\"https:\/\/dutchandco.nl\/wp-content\/uploads\/2025\/01\/Standard-Chartered-Bank-HQ-scaled.jpg\" class=\"elementor-element elementor-element-febb30e feature-image e-flex e-con-boxed e-con e-child\" data-id=\"febb30e\" data-element_type=\"container\" data-settings=\"{&quot;background_background&quot;:&quot;classic&quot;}\">\n\t\t\t\t\t<div class=\"e-con-inner\">\n\t\t\t\t\t<\/div>\n\t\t\t\t<\/div>\n\t\t\t\t<\/div>\n\t\t\t\t<\/div>\n\t\t<div class=\"elementor-element elementor-element-73c7b84 e-con-full e-flex e-con e-parent\" data-id=\"73c7b84\" data-element_type=\"container\">\n\t\t<div class=\"elementor-element elementor-element-bedf175 e-con-full e-flex e-con e-child\" data-id=\"bedf175\" data-element_type=\"container\" style=\"position:relative\">\n\t\t\t\t<div class=\"elementor-element elementor-element-b10f44f dce_masking-none elementor-widget elementor-widget-image\" data-id=\"b10f44f\" data-element_type=\"widget\" data-widget_type=\"image.default\">\n\t\t\t\t<div class=\"elementor-widget-container\">\n\t\t\t\t\t\t\t\t\t\t\t\t\t\t\t<img decoding=\"async\" width=\"800\" height=\"600\" src=\"https:\/\/dutchandco.nl\/wp-content\/uploads\/2025\/01\/Rigworld-Training-Center.jpg\" class=\"attachment-large size-large wp-image-7552\" alt=\"Rigworld Training Center\" srcset=\"\/\/dutchandco.nl\/wp-content\/uploads\/2025\/01\/Rigworld-Training-Center.jpg 952w, \/\/dutchandco.nl\/wp-content\/uploads\/2025\/01\/Rigworld-Training-Center-300x225.jpg 300w, \/\/dutchandco.nl\/wp-content\/uploads\/2025\/01\/Rigworld-Training-Center-768x576.jpg 768w\" sizes=\"(max-width: 800px) 100vw, 800px\" \/>\t\t\t\t\t\t\t\t\t\t\t\t\t\t\t<\/div>\n\t\t\t\t<\/div>\n\t\t\t\t<\/div>\n\t\t<div class=\"elementor-element elementor-element-d1c447b e-con-full e-flex e-con e-child\" data-id=\"d1c447b\" data-element_type=\"container\">\n\t\t\t\t<\/div>\n\t\t<div class=\"elementor-element elementor-element-73bb624 e-con-full e-flex e-con e-child\" data-id=\"73bb624\" data-element_type=\"container\">\n\t\t\t\t<div class=\"elementor-element elementor-element-219e0c1 elementor-widget elementor-widget-heading\" data-id=\"219e0c1\" data-element_type=\"widget\" data-widget_type=\"heading.default\">\n\t\t\t\t<div class=\"elementor-widget-container\">\n\t\t\t\t\t<h3 class=\"elementor-heading-title elementor-size-default\"><b><mark>Les LED <\/mark><\/b>sont la solution id\u00e9ale pour r\u00e9pondre aux besoins d' \u00e9clairage.<b style=\"text-align: var(--text-align)\"><mark> <\/mark><\/b><span style=\"text-align: var(--text-align)\"><\/span><br><\/h3>\t\t\t\t<\/div>\n\t\t\t\t<\/div>\n\t\t\t\t<div class=\"elementor-element elementor-element-9239598 elementor-widget elementor-widget-heading\" data-id=\"9239598\" data-element_type=\"widget\" data-widget_type=\"heading.default\">\n\t\t\t\t<div class=\"elementor-widget-container\">\n\t\t\t\t\t<p class=\"elementor-heading-title elementor-size-default\">A l'heure o\u00f9 les tarifs d'\u00e9lectricit\u00e9 ne cessent d' augmenter, o\u00f9 l 'alimentation \u00e9lectrique est instable et o\u00f9 la maintenance est un d\u00e9fi, l'\u00e9clairage LED est la solution id\u00e9ale pour r\u00e9pondre aux besoins d'\u00e9clairage des b\u00e2timents et des infrastructures de vos projets, l '\u00e9clairage LED est la solution id\u00e9ale pour l'\u00e9clairage des b\u00e2timents et des infrastructures de vos projets, projets, d\u00e9veloppements et biens immobiliers. <\/p>\t\t\t\t<\/div>\n\t\t\t\t<\/div>\n\t\t\t\t<\/div>\n\t\t\t\t<\/div>\n\t\t\t\t\t<\/div>\n\t\t<\/div>\n\t\t\t\t\t<\/div>\n\t\t<\/section>\n\t\t<div data-dce-background-image-url=\"https:\/\/dutchandco.nl\/wp-content\/uploads\/2025\/01\/Back.svg\" class=\"elementor-element elementor-element-7c2b513 e-flex e-con-boxed e-con e-parent\" data-id=\"7c2b513\" data-element_type=\"container\" data-settings=\"{&quot;background_background&quot;:&quot;classic&quot;}\">\n\t\t\t\t\t<div class=\"e-con-inner\">\n\t\t<div class=\"elementor-element elementor-element-5e697d2 e-con-full e-flex e-con e-child\" data-id=\"5e697d2\" data-element_type=\"container\">\n\t\t\t\t<div class=\"elementor-element elementor-element-8315654 elementor-widget elementor-widget-heading\" data-id=\"8315654\" data-element_type=\"widget\" data-widget_type=\"heading.default\">\n\t\t\t\t<div class=\"elementor-widget-container\">\n\t\t\t\t\t<h3 class=\"elementor-heading-title elementor-size-default\">Pour en savoir plus, <br><b><mark>contactez notre \u00e9quipe commerciale !<\/mark><\/b><\/h3>\t\t\t\t<\/div>\n\t\t\t\t<\/div>\n\t\t\t\t<div class=\"elementor-element elementor-element-428a6d3 elementor-widget elementor-widget-cta-button\" data-id=\"428a6d3\" data-element_type=\"widget\" data-widget_type=\"cta-button.default\">\n\t\t\t\t<div class=\"elementor-widget-container\">\n\t\t\t\t\t        <div class=\"text-center\">\n            <a class=\"cta-button  green-white big\" role=\"\" aria-label=\"\" href=\"\/contact-us\">\n                Contact us            <\/a>\n        <\/div>\n    \t\t\t\t<\/div>\n\t\t\t\t<\/div>\n\t\t\t\t<\/div>\n\t\t\t\t\t<\/div>\n\t\t\t\t<\/div>\n\t\t\t\t<\/div>\n\t\t","protected":false},"excerpt":{"rendered":"<p>Dutch Co. est sp\u00e9cialis\u00e9e dans l&rsquo;\u00e9clairage LED \u00e0 haut rendement\u00e9nerg\u00e9tique . Talk to us now En tant que distributeur et grossiste de luminaires au Ghana, nous offrons une large gamme de solutions d&rsquo;\u00e9clairage \u00e0 long terme, de produits et de services ; de la conception et de la simulation de l&rsquo;\u00e9clairage \u00e0 la fourniture et [&hellip;]<\/p>\n","protected":false},"author":1,"featured_media":0,"parent":0,"menu_order":0,"comment_status":"closed","ping_status":"closed","template":"","meta":{"inline_featured_image":false,"footnotes":""},"class_list":["post-6290","page","type-page","status-publish","hentry"],"acf":[],"_links":{"self":[{"href":"https:\/\/dutchandco.nl\/fr\/wp-json\/wp\/v2\/pages\/6290","targetHints":{"allow":["GET"]}}],"collection":[{"href":"https:\/\/dutchandco.nl\/fr\/wp-json\/wp\/v2\/pages"}],"about":[{"href":"https:\/\/dutchandco.nl\/fr\/wp-json\/wp\/v2\/types\/page"}],"author":[{"embeddable":true,"href":"https:\/\/dutchandco.nl\/fr\/wp-json\/wp\/v2\/users\/1"}],"replies":[{"embeddable":true,"href":"https:\/\/dutchandco.nl\/fr\/wp-json\/wp\/v2\/comments?post=6290"}],"version-history":[{"count":30,"href":"https:\/\/dutchandco.nl\/fr\/wp-json\/wp\/v2\/pages\/6290\/revisions"}],"predecessor-version":[{"id":7952,"href":"https:\/\/dutchandco.nl\/fr\/wp-json\/wp\/v2\/pages\/6290\/revisions\/7952"}],"wp:attachment":[{"href":"https:\/\/dutchandco.nl\/fr\/wp-json\/wp\/v2\/media?parent=6290"}],"curies":[{"name":"wp","href":"https:\/\/api.w.org\/{rel}","templated":true}]}}