{"id":6296,"date":"2023-07-07T10:31:53","date_gmt":"2023-07-07T10:31:53","guid":{"rendered":"https:\/\/dutchandco.nl\/pv-solaire"},"modified":"2026-01-02T14:07:15","modified_gmt":"2026-01-02T14:07:15","slug":"pv-solar","status":"publish","type":"page","link":"https:\/\/dutchandco.nl\/fr\/pv-solar","title":{"rendered":"PV Solar"},"content":{"rendered":"\t\t<div data-elementor-type=\"wp-page\" data-elementor-id=\"6296\" class=\"elementor elementor-6296 elementor-740\" data-elementor-post-type=\"page\">\n\t\t\t\t<div class=\"elementor-element elementor-element-e019dcb e-flex e-con-boxed e-con e-parent\" data-id=\"e019dcb\" data-element_type=\"container\">\n\t\t\t\t\t<div class=\"e-con-inner\">\n\t\t<div class=\"elementor-element elementor-element-e0e736a e-con-full e-flex e-con e-child\" data-id=\"e0e736a\" data-element_type=\"container\">\n\t\t<div class=\"elementor-element elementor-element-457b5a8 e-con-full e-flex e-con e-child\" data-id=\"457b5a8\" data-element_type=\"container\">\n\t\t<div class=\"elementor-element elementor-element-7d8da1b e-con-full e-flex e-con e-child\" data-id=\"7d8da1b\" data-element_type=\"container\">\n\t\t\t\t<div class=\"elementor-element elementor-element-a532ab3 elementor-widget__width-initial elementor-widget elementor-widget-heading\" data-id=\"a532ab3\" data-element_type=\"widget\" data-widget_type=\"heading.default\">\n\t\t\t\t<div class=\"elementor-widget-container\">\n\t\t\t\t\t<h1 class=\"elementor-heading-title elementor-size-default\">Nous <b><mark>minimisons vos co\u00fbts \u00e9nerg\u00e9tiques <\/mark><\/b>et votre empreinte carbone. LED's Go Solar! <\/h1>\t\t\t\t<\/div>\n\t\t\t\t<\/div>\n\t\t\t\t<div class=\"elementor-element elementor-element-28ee5fe elementor-widget elementor-widget-cta-button\" data-id=\"28ee5fe\" data-element_type=\"widget\" data-widget_type=\"cta-button.default\">\n\t\t\t\t<div class=\"elementor-widget-container\">\n\t\t\t\t\t        <div class=\"text-center\">\n            <a class=\"cta-button  green-white medium\" role=\"\" aria-label=\"\" href=\"\/contact-us#pv-solar\">\n                Talk to us now            <\/a>\n        <\/div>\n    \t\t\t\t<\/div>\n\t\t\t\t<\/div>\n\t\t\t\t<\/div>\n\t\t<div class=\"elementor-element elementor-element-39ddc36 e-con-full e-flex e-con e-child\" data-id=\"39ddc36\" data-element_type=\"container\">\n\t\t\t\t<\/div>\n\t\t\t\t<\/div>\n\t\t\t\t<\/div>\n\t\t\t\t\t<\/div>\n\t\t\t\t<\/div>\n\t\t<div data-dce-background-image-url=\"https:\/\/dutchandco.nl\/wp-content\/uploads\/2025\/01\/DJI_0987-scaled.jpg\" class=\"elementor-element elementor-element-ee44293 e-con-full hero e-flex e-con e-parent\" data-id=\"ee44293\" data-element_type=\"container\" data-settings=\"{&quot;background_background&quot;:&quot;classic&quot;}\">\n\t\t\t\t<\/div>\n\t\t\t\t<section class=\"elementor-section elementor-top-section elementor-element elementor-element-9ca6e4e elementor-section-boxed elementor-section-height-default elementor-section-height-default\" data-id=\"9ca6e4e\" data-element_type=\"section\" data-settings=\"{&quot;background_background&quot;:&quot;classic&quot;}\">\n\t\t\t\t\t\t<div class=\"elementor-container elementor-column-gap-default\">\n\t\t\t\t\t<div class=\"elementor-column elementor-col-33 elementor-top-column elementor-element elementor-element-cb8418a\" data-id=\"cb8418a\" data-element_type=\"column\">\n\t\t\t<div class=\"elementor-widget-wrap elementor-element-populated\">\n\t\t\t\t\t\t<div class=\"elementor-element elementor-element-a3304a1 elementor-widget__width-initial elementor-widget elementor-widget-heading\" data-id=\"a3304a1\" data-element_type=\"widget\" data-widget_type=\"heading.default\">\n\t\t\t\t<div class=\"elementor-widget-container\">\n\t\t\t\t\t<h5 class=\"elementor-heading-title elementor-size-default\">Depuis plus de dix ans, Dutch  Co. a aid\u00e9 des organisations dans les secteurs de la sant\u00e9, de l'enseignement, du commerce, secteurs agricole et industriel \u00e0 remplir <mark><b> leurs engagements en mati\u00e8re d '\u00e9nergie renouvelable.<\/b><\/mark><\/h5>\t\t\t\t<\/div>\n\t\t\t\t<\/div>\n\t\t\t\t\t<\/div>\n\t\t<\/div>\n\t\t\t\t<div class=\"elementor-column elementor-col-66 elementor-top-column elementor-element elementor-element-7ccf815\" data-id=\"7ccf815\" data-element_type=\"column\">\n\t\t\t<div class=\"elementor-widget-wrap elementor-element-populated\">\n\t\t\t\t\t\t<div class=\"elementor-element elementor-element-c965722 animated-fast elementor-invisible elementor-widget elementor-widget-testimonial-custom\" data-id=\"c965722\" data-element_type=\"widget\" data-settings=\"{&quot;_animation&quot;:&quot;fadeInRight&quot;}\" data-widget_type=\"testimonial-custom.default\">\n\t\t\t\t<div class=\"elementor-widget-container\">\n\t\t\t\t\t\t\t<div class=\"elementor-testimonial-wrapper\">\n\t\t\t\t\t\t\t<div class=\"elementor-testimonial-image\">\n\t\t\t\t\t<img fetchpriority=\"high\" decoding=\"async\" width=\"2281\" height=\"1411\" src=\"https:\/\/dutchandco.nl\/wp-content\/uploads\/2025\/01\/Total-Energies.jpg\" class=\"attachment-full size-full wp-image-6980\" alt=\"Total Energies\" srcset=\"\/\/dutchandco.nl\/wp-content\/uploads\/2025\/01\/Total-Energies.jpg 2281w, \/\/dutchandco.nl\/wp-content\/uploads\/2025\/01\/Total-Energies-300x186.jpg 300w, \/\/dutchandco.nl\/wp-content\/uploads\/2025\/01\/Total-Energies-1024x633.jpg 1024w, \/\/dutchandco.nl\/wp-content\/uploads\/2025\/01\/Total-Energies-768x475.jpg 768w, \/\/dutchandco.nl\/wp-content\/uploads\/2025\/01\/Total-Energies-1536x950.jpg 1536w, \/\/dutchandco.nl\/wp-content\/uploads\/2025\/01\/Total-Energies-2048x1267.jpg 2048w\" sizes=\"(max-width: 2281px) 100vw, 2281px\" \/>\t\t\t\t<\/div>\n\t\t\t\t\t\t<div class=\"testimonial_content_wrapper\">\n\t\t\t\t\t\t\t\t\t<div class=\"elementor-testimonial-content\">\u201cDutch & Co. has embarked on several energy surveys, installed and commissioned solar systems at Total Petroleum's various networks nationwide. Dutch & Co. exhibit professionalism and promptly provide technical support, before, during and after.\"\u200b<\/div>\n\t\t\t\t\n\t\t\t\t\t\t\t\t<div class=\"elementor-testimonial-meta elementor-has-image elementor-testimonial-image-position-aside\">\n\t\t\t\t\t<div class=\"elementor-testimonial-meta-inner\">\n\n\t\t\t\t\t\t\t\t\t\t\t\t<div class=\"elementor-testimonial-details\">\n\t\t\t\t\t\t\t\t\t\t\t\t\t\t\t\t<div class=\"elementor-testimonial-name\">Hannah Afriyie<\/div>\n\t\t\t\t\t\t\t\t\t\t\t\t\t\t\t\t\t\t\t\t\t\t\t\t\t<div class=\"elementor-testimonial-job\"><span style=\"letter-spacing: 0.96px;\">Projects Engineering Manager, Total Energies Ghana PLC.<\/span><span style=\"letter-spacing: 0.96px;\"><\/span><\/div>\n\t\t\t\t\t\t\t\t\t\t\t\t\t\t\t<\/div>\n\t\t\t\t\t\t\t\t\t\t\t<\/div>\n\t\t\t\t<\/div>\n\t\t\t\t\t\t\t<\/div>\n\t\t<\/div>\n\t\t\t\t\t\t<\/div>\n\t\t\t\t<\/div>\n\t\t\t\t\t<\/div>\n\t\t<\/div>\n\t\t\t\t\t<\/div>\n\t\t<\/section>\n\t\t\t\t<section data-dce-background-overlay-image-url=\"https:\/\/dutchandco.nl\/wp-content\/uploads\/2023\/07\/dc-pv-solarBG-01.svg\" class=\"elementor-section elementor-top-section elementor-element elementor-element-fe9cce6 elementor-section-boxed elementor-section-height-default elementor-section-height-default\" data-id=\"fe9cce6\" data-element_type=\"section\" data-settings=\"{&quot;background_background&quot;:&quot;classic&quot;}\">\n\t\t\t\t\t\t\t<div class=\"elementor-background-overlay\"><\/div>\n\t\t\t\t\t\t\t<div class=\"elementor-container elementor-column-gap-default\">\n\t\t\t\t\t<div class=\"elementor-column elementor-col-100 elementor-top-column elementor-element elementor-element-b30d1f7\" data-id=\"b30d1f7\" data-element_type=\"column\">\n\t\t\t<div class=\"elementor-widget-wrap elementor-element-populated\">\n\t\t\t\t<div class=\"elementor-element elementor-element-40d93f7 e-con-full e-flex e-con e-parent\" data-id=\"40d93f7\" data-element_type=\"container\">\n\t\t<div class=\"elementor-element elementor-element-2ec8c4c e-con-full e-flex e-con e-child\" data-id=\"2ec8c4c\" data-element_type=\"container\">\n\t\t<div data-dce-background-image-url=\"https:\/\/dutchandco.nl\/wp-content\/uploads\/2025\/01\/IMG_0408.jpeg\" class=\"elementor-element elementor-element-ada2ef3 feature-image e-flex e-con-boxed e-con e-child\" data-id=\"ada2ef3\" data-element_type=\"container\" data-settings=\"{&quot;background_background&quot;:&quot;classic&quot;}\">\n\t\t\t\t\t<div class=\"e-con-inner\">\n\t\t\t\t\t<\/div>\n\t\t\t\t<\/div>\n\t\t<div data-dce-background-image-url=\"https:\/\/dutchandco.nl\/wp-content\/uploads\/2023\/08\/DJI_0624-scaled.jpg\" class=\"elementor-element elementor-element-e88ce90 feature-image e-flex e-con-boxed e-con e-child\" data-id=\"e88ce90\" data-element_type=\"container\" data-settings=\"{&quot;background_background&quot;:&quot;classic&quot;}\">\n\t\t\t\t\t<div class=\"e-con-inner\">\n\t\t\t\t\t<\/div>\n\t\t\t\t<\/div>\n\t\t\t\t<\/div>\n\t\t<div class=\"elementor-element elementor-element-3c50585 e-con-full e-flex e-con e-child\" data-id=\"3c50585\" data-element_type=\"container\">\n\t\t\t\t<div class=\"elementor-element elementor-element-e885349 elementor-widget elementor-widget-heading\" data-id=\"e885349\" data-element_type=\"widget\" data-widget_type=\"heading.default\">\n\t\t\t\t<div class=\"elementor-widget-container\">\n\t\t\t\t\t<h3 class=\"elementor-heading-title elementor-size-default\"><b><mark>L'\u00e9nergiesolaire photovolta\u00efque <\/mark><\/b>est flexible en ce qui concerne le montage. <\/h3>\t\t\t\t<\/div>\n\t\t\t\t<\/div>\n\t\t\t\t<div class=\"elementor-element elementor-element-f161340 elementor-widget elementor-widget-heading\" data-id=\"f161340\" data-element_type=\"widget\" data-widget_type=\"heading.default\">\n\t\t\t\t<div class=\"elementor-widget-container\">\n\t\t\t\t\t<p class=\"elementor-heading-title elementor-size-default\">Les installations solaires photovolta\u00efques peuvent \u00eatre mont\u00e9es sur le sol, sur votre toit, sur votre parking, et peuvent m\u00eame flotter sur l'eau, sur votre parking, et peuvent m\u00eame flotter sur l'eau. <\/p>\t\t\t\t<\/div>\n\t\t\t\t<\/div>\n\t\t<div data-dce-background-image-url=\"https:\/\/dutchandco.nl\/wp-content\/uploads\/2025\/01\/IMG_9299-Copy.jpg\" class=\"elementor-element elementor-element-aaf7de9 feature-image e-flex e-con-boxed e-con e-child\" data-id=\"aaf7de9\" data-element_type=\"container\" data-settings=\"{&quot;background_background&quot;:&quot;classic&quot;}\">\n\t\t\t\t\t<div class=\"e-con-inner\">\n\t\t\t\t\t<\/div>\n\t\t\t\t<\/div>\n\t\t\t\t<\/div>\n\t\t\t\t<\/div>\n\t\t<div class=\"elementor-element elementor-element-2530232 e-con-full e-flex e-con e-parent\" data-id=\"2530232\" data-element_type=\"container\">\n\t\t<div class=\"elementor-element elementor-element-4d8c175 e-con-full e-flex e-con e-child\" data-id=\"4d8c175\" data-element_type=\"container\">\n\t\t\t\t<div class=\"elementor-element elementor-element-1518def elementor-widget elementor-widget-heading\" data-id=\"1518def\" data-element_type=\"widget\" data-widget_type=\"heading.default\">\n\t\t\t\t<div class=\"elementor-widget-container\">\n\t\t\t\t\t<h3 class=\"elementor-heading-title elementor-size-default\">Ne s'approvisionner qu' en <mark><b>technologies de pointe<\/b><\/mark><\/h3>\t\t\t\t<\/div>\n\t\t\t\t<\/div>\n\t\t\t\t<div class=\"elementor-element elementor-element-16e3849 elementor-widget elementor-widget-heading\" data-id=\"16e3849\" data-element_type=\"widget\" data-widget_type=\"heading.default\">\n\t\t\t\t<div class=\"elementor-widget-container\">\n\t\t\t\t\t<p class=\"elementor-heading-title elementor-size-default\">Dutch  Co. ne fournit et n'installe que les meilleures technologies solaires photovolta\u00efques. Nous sommes le tout premier fournisseur d'\u00e9nergie solaire au Ghana \u00e0 introduire les nouveaux panneaux solaires de type N dans nos projets, gr\u00e2ce \u00e0 notre relation de longue date avec le premier fabricant mondial de panneaux solaires - JinkoSolar.  <br><br> Ces panneaux de nouvelle g\u00e9n\u00e9ration sont plus durables et plus efficaces, permettant \u00e0 nos clients de maximiser leur potentiel d' \u00e9conomie d' \u00e9nergie.<\/p>\t\t\t\t<\/div>\n\t\t\t\t<\/div>\n\t\t\t\t<\/div>\n\t\t<div class=\"elementor-element elementor-element-ab32335 e-con-full e-flex e-con e-child\" data-id=\"ab32335\" data-element_type=\"container\" style=\"position:relative\">\n\t\t\t\t<\/div>\n\t\t<div class=\"elementor-element elementor-element-ac4c120 e-con-full e-flex e-con e-child\" data-id=\"ac4c120\" data-element_type=\"container\" style=\"position:relative\">\n\t\t\t\t<div class=\"elementor-element elementor-element-b8af40a dce_masking-none elementor-widget elementor-widget-image\" data-id=\"b8af40a\" data-element_type=\"widget\" data-widget_type=\"image.default\">\n\t\t\t\t<div class=\"elementor-widget-container\">\n\t\t\t\t\t\t\t\t\t\t\t\t\t\t\t<img decoding=\"async\" width=\"1707\" height=\"2560\" src=\"https:\/\/dutchandco.nl\/wp-content\/uploads\/2025\/01\/HAS_1153-scaled.jpg\" class=\"attachment-full size-full wp-image-7283\" alt=\"HAS 1153\" srcset=\"\/\/dutchandco.nl\/wp-content\/uploads\/2025\/01\/HAS_1153-scaled.jpg 1707w, \/\/dutchandco.nl\/wp-content\/uploads\/2025\/01\/HAS_1153-200x300.jpg 200w, \/\/dutchandco.nl\/wp-content\/uploads\/2025\/01\/HAS_1153-683x1024.jpg 683w, \/\/dutchandco.nl\/wp-content\/uploads\/2025\/01\/HAS_1153-768x1152.jpg 768w, \/\/dutchandco.nl\/wp-content\/uploads\/2025\/01\/HAS_1153-1024x1536.jpg 1024w, \/\/dutchandco.nl\/wp-content\/uploads\/2025\/01\/HAS_1153-1365x2048.jpg 1365w\" sizes=\"(max-width: 1707px) 100vw, 1707px\" \/>\t\t\t\t\t\t\t\t\t\t\t\t\t\t\t<\/div>\n\t\t\t\t<\/div>\n\t\t\t\t<\/div>\n\t\t\t\t<\/div>\n\t\t<div class=\"elementor-element elementor-element-901dcd8 e-con-full e-flex e-con e-parent\" data-id=\"901dcd8\" data-element_type=\"container\">\n\t\t<div class=\"elementor-element elementor-element-8cc36ad e-con-full e-flex e-con e-child\" data-id=\"8cc36ad\" data-element_type=\"container\" style=\"position:relative\">\n\t\t\t\t<div class=\"elementor-element elementor-element-de52ad8 dce_masking-none elementor-widget elementor-widget-image\" data-id=\"de52ad8\" data-element_type=\"widget\" data-widget_type=\"image.default\">\n\t\t\t\t<div class=\"elementor-widget-container\">\n\t\t\t\t\t\t\t\t\t\t\t\t\t\t\t<img decoding=\"async\" width=\"800\" height=\"599\" src=\"https:\/\/dutchandco.nl\/wp-content\/uploads\/2023\/08\/Kuipers.jpg\" class=\"attachment-large size-large wp-image-7604\" alt=\"Kuipers\" srcset=\"\/\/dutchandco.nl\/wp-content\/uploads\/2023\/08\/Kuipers.jpg 1024w, \/\/dutchandco.nl\/wp-content\/uploads\/2023\/08\/Kuipers-300x225.jpg 300w, \/\/dutchandco.nl\/wp-content\/uploads\/2023\/08\/Kuipers-768x575.jpg 768w\" sizes=\"(max-width: 800px) 100vw, 800px\" \/>\t\t\t\t\t\t\t\t\t\t\t\t\t\t\t<\/div>\n\t\t\t\t<\/div>\n\t\t\t\t<\/div>\n\t\t<div class=\"elementor-element elementor-element-0d0a22b e-con-full e-flex e-con e-child\" data-id=\"0d0a22b\" data-element_type=\"container\">\n\t\t\t\t<\/div>\n\t\t<div class=\"elementor-element elementor-element-898ff87 e-con-full e-flex e-con e-child\" data-id=\"898ff87\" data-element_type=\"container\">\n\t\t\t\t<div class=\"elementor-element elementor-element-d97e3be elementor-widget elementor-widget-heading\" data-id=\"d97e3be\" data-element_type=\"widget\" data-widget_type=\"heading.default\">\n\t\t\t\t<div class=\"elementor-widget-container\">\n\t\t\t\t\t<h3 class=\"elementor-heading-title elementor-size-default\">Options de financement <mark><b>flexibles<\/b><\/mark><\/h3>\t\t\t\t<\/div>\n\t\t\t\t<\/div>\n\t\t\t\t<div class=\"elementor-element elementor-element-dbdd131 elementor-widget elementor-widget-heading\" data-id=\"dbdd131\" data-element_type=\"widget\" data-widget_type=\"heading.default\">\n\t\t\t\t<div class=\"elementor-widget-container\">\n\t\t\t\t\t<p class=\"elementor-heading-title elementor-size-default\">Investir dans l'\u00e9nergie solaire , c'est investir dans l ' avenir. Chez Dutch  Co, nous proposons des solutions de financement flexibles pour faciliter cet investissement. Contactez notre \u00e9quipe d\u00e8s aujourd'hui pour savoir si l' option Contrat d' achat d' \u00e9lectricit\u00e9 (CAE), l'option Cr\u00e9dit-bail ou l'achat pur et simple r\u00e9pond le mieux aux besoins de votre entreprise, l' option cr\u00e9dit-bail ou l'achat pur et simple r\u00e9pond le mieux aux besoins de votre entreprise.   <br><\/p>\t\t\t\t<\/div>\n\t\t\t\t<\/div>\n\t\t\t\t<\/div>\n\t\t\t\t<\/div>\n\t\t\t\t\t<\/div>\n\t\t<\/div>\n\t\t\t\t\t<\/div>\n\t\t<\/section>\n\t\t<div data-dce-background-image-url=\"https:\/\/dutchandco.nl\/wp-content\/uploads\/2025\/01\/Back.svg\" class=\"elementor-element elementor-element-fb66f05 e-flex e-con-boxed e-con e-parent\" data-id=\"fb66f05\" data-element_type=\"container\" data-settings=\"{&quot;background_background&quot;:&quot;classic&quot;}\">\n\t\t\t\t\t<div class=\"e-con-inner\">\n\t\t<div class=\"elementor-element elementor-element-5791517 e-con-full e-flex e-con e-child\" data-id=\"5791517\" data-element_type=\"container\">\n\t\t\t\t<div class=\"elementor-element elementor-element-12450f7 elementor-widget elementor-widget-heading\" data-id=\"12450f7\" data-element_type=\"widget\" data-widget_type=\"heading.default\">\n\t\t\t\t<div class=\"elementor-widget-container\">\n\t\t\t\t\t<h3 class=\"elementor-heading-title elementor-size-default\">Pour en savoir plus, <br><b><mark>contactez notre \u00e9quipe commerciale !<\/mark><\/b><\/h3>\t\t\t\t<\/div>\n\t\t\t\t<\/div>\n\t\t\t\t<div class=\"elementor-element elementor-element-ee32ab5 elementor-widget elementor-widget-cta-button\" data-id=\"ee32ab5\" data-element_type=\"widget\" data-widget_type=\"cta-button.default\">\n\t\t\t\t<div class=\"elementor-widget-container\">\n\t\t\t\t\t        <div class=\"text-center\">\n            <a class=\"cta-button  green-white big\" role=\"\" aria-label=\"\" href=\"\/contact-us\">\n                Contact us            <\/a>\n        <\/div>\n    \t\t\t\t<\/div>\n\t\t\t\t<\/div>\n\t\t\t\t<\/div>\n\t\t\t\t\t<\/div>\n\t\t\t\t<\/div>\n\t\t\t\t<\/div>\n\t\t","protected":false},"excerpt":{"rendered":"<p>Nous minimisons vos co\u00fbts \u00e9nerg\u00e9tiques et votre empreinte carbone. LED&rsquo;s Go Solar! Talk to us now Depuis plus de dix ans, Dutch Co. a aid\u00e9 des organisations dans les secteurs de la sant\u00e9, de l&rsquo;enseignement, du commerce, secteurs agricole et industriel \u00e0 remplir leurs engagements en mati\u00e8re d &lsquo;\u00e9nergie renouvelable. \u201cDutch &#038; Co. has embarked [&hellip;]<\/p>\n","protected":false},"author":1,"featured_media":0,"parent":0,"menu_order":0,"comment_status":"closed","ping_status":"closed","template":"","meta":{"inline_featured_image":false,"footnotes":""},"class_list":["post-6296","page","type-page","status-publish","hentry"],"acf":[],"_links":{"self":[{"href":"https:\/\/dutchandco.nl\/fr\/wp-json\/wp\/v2\/pages\/6296","targetHints":{"allow":["GET"]}}],"collection":[{"href":"https:\/\/dutchandco.nl\/fr\/wp-json\/wp\/v2\/pages"}],"about":[{"href":"https:\/\/dutchandco.nl\/fr\/wp-json\/wp\/v2\/types\/page"}],"author":[{"embeddable":true,"href":"https:\/\/dutchandco.nl\/fr\/wp-json\/wp\/v2\/users\/1"}],"replies":[{"embeddable":true,"href":"https:\/\/dutchandco.nl\/fr\/wp-json\/wp\/v2\/comments?post=6296"}],"version-history":[{"count":23,"href":"https:\/\/dutchandco.nl\/fr\/wp-json\/wp\/v2\/pages\/6296\/revisions"}],"predecessor-version":[{"id":8067,"href":"https:\/\/dutchandco.nl\/fr\/wp-json\/wp\/v2\/pages\/6296\/revisions\/8067"}],"wp:attachment":[{"href":"https:\/\/dutchandco.nl\/fr\/wp-json\/wp\/v2\/media?parent=6296"}],"curies":[{"name":"wp","href":"https:\/\/api.w.org\/{rel}","templated":true}]}}