{"id":6481,"date":"2024-10-03T15:44:18","date_gmt":"2024-10-03T15:44:18","guid":{"rendered":"https:\/\/dutchandco.nl\/news"},"modified":"2025-01-26T17:52:24","modified_gmt":"2025-01-26T17:52:24","slug":"news","status":"publish","type":"page","link":"https:\/\/dutchandco.nl\/fr\/news","title":{"rendered":"News"},"content":{"rendered":"\t\t<div data-elementor-type=\"wp-page\" data-elementor-id=\"6481\" class=\"elementor elementor-6481 elementor-6454\" data-elementor-post-type=\"page\">\n\t\t\t\t<div class=\"elementor-element elementor-element-1c0a3d1 e-flex e-con-boxed e-con e-parent\" data-id=\"1c0a3d1\" data-element_type=\"container\">\n\t\t\t\t\t<div class=\"e-con-inner\">\n\t\t<div class=\"elementor-element elementor-element-8695236 e-con-full e-flex e-con e-child\" data-id=\"8695236\" data-element_type=\"container\">\n\t\t\t\t<div class=\"elementor-element elementor-element-a352727 elementor-widget elementor-widget-heading\" data-id=\"a352727\" data-element_type=\"widget\" data-widget_type=\"heading.default\">\n\t\t\t\t<div class=\"elementor-widget-container\">\n\t\t\t\t\t<h1 class=\"elementor-heading-title elementor-size-default\">Explore notre <b><mark>derniers projets,<br>activit\u00e9s <\/b><\/mark>et pertinente <b><mark>nouvelles<\/b><\/mark><\/h1>\t\t\t\t<\/div>\n\t\t\t\t<\/div>\n\t\t\t\t<div class=\"elementor-element elementor-element-1ea36e7 elementor-widget elementor-widget-heading\" data-id=\"1ea36e7\" data-element_type=\"widget\" data-widget_type=\"heading.default\">\n\t\t\t\t<div class=\"elementor-widget-container\">\n\t\t\t\t\t<div class=\"elementor-heading-title elementor-size-default\">Afin de vous tenir inform\u00e9 de nos activit\u00e9s, de nos projets et de l'actualit\u00e9 g\u00e9n\u00e9rale li\u00e9e \u00e0 notre activit\u00e9, vous trouverez ci-dessous des liens vers des articles pertinents, projets et des nouvelles g\u00e9n\u00e9rales li\u00e9es \u00e0 nos activit\u00e9s , vous trouverez ici des liens vers des articles pertinents, des clips m\u00e9diatiques et des sujets d'int\u00e9r\u00eat g\u00e9n\u00e9ral, des clips m\u00e9diatiques et des sujets d ' int\u00e9r\u00eat g\u00e9n\u00e9ral.<\/div>\t\t\t\t<\/div>\n\t\t\t\t<\/div>\n\t\t\t\t<\/div>\n\t\t<div class=\"elementor-element elementor-element-0f8c1d6 e-con-full e-flex e-con e-child\" data-id=\"0f8c1d6\" data-element_type=\"container\">\n\t\t\t\t<\/div>\n\t\t\t\t\t<\/div>\n\t\t\t\t<\/div>\n\t\t<div class=\"elementor-element elementor-element-fecab8b e-flex e-con-boxed e-con e-parent\" data-id=\"fecab8b\" data-element_type=\"container\">\n\t\t\t\t\t<div class=\"e-con-inner\">\n\t\t\t\t<div class=\"elementor-element elementor-element-fe9fc70 elementor-grid-3 elementor-grid-tablet-2 elementor-grid-mobile-1 elementor-posts--thumbnail-top elementor-widget elementor-widget-posts\" data-id=\"fe9fc70\" data-element_type=\"widget\" data-settings=\"{&quot;classic_row_gap&quot;:{&quot;unit&quot;:&quot;px&quot;,&quot;size&quot;:56,&quot;sizes&quot;:[]},&quot;pagination_type&quot;:&quot;load_more_infinite_scroll&quot;,&quot;load_more_spinner&quot;:{&quot;value&quot;:&quot;fas fa-circle-notch&quot;,&quot;library&quot;:&quot;fa-solid&quot;},&quot;classic_columns&quot;:&quot;3&quot;,&quot;classic_columns_tablet&quot;:&quot;2&quot;,&quot;classic_columns_mobile&quot;:&quot;1&quot;,&quot;classic_row_gap_laptop&quot;:{&quot;unit&quot;:&quot;px&quot;,&quot;size&quot;:&quot;&quot;,&quot;sizes&quot;:[]},&quot;classic_row_gap_tablet&quot;:{&quot;unit&quot;:&quot;px&quot;,&quot;size&quot;:&quot;&quot;,&quot;sizes&quot;:[]},&quot;classic_row_gap_mobile&quot;:{&quot;unit&quot;:&quot;px&quot;,&quot;size&quot;:&quot;&quot;,&quot;sizes&quot;:[]}}\" data-widget_type=\"posts.classic\">\n\t\t\t\t<div class=\"elementor-widget-container\">\n\t\t\t\t\t\t\t<div class=\"elementor-posts-container elementor-posts elementor-posts--skin-classic elementor-grid\" role=\"list\">\n\t\t\t\t<article class=\"elementor-post elementor-grid-item post-6257 post type-post status-publish format-standard has-post-thumbnail hentry category-actualites\" role=\"listitem\">\n\t\t\t\t<a class=\"elementor-post__thumbnail__link\" href=\"https:\/\/dutchandco.nl\/fr\/le-plus-grand-projet-solaire-sur-toiture-dafrique-mis-en-service-par-le-ministre\" tabindex=\"-1\">\n\t\t\t<div class=\"elementor-post__thumbnail\"><img fetchpriority=\"high\" decoding=\"async\" width=\"768\" height=\"525\" src=\"https:\/\/dutchandco.nl\/wp-content\/uploads\/2024\/08\/IMG_0263-768x525.jpg\" class=\"attachment-medium_large size-medium_large wp-image-7794\" alt=\"\" srcset=\"\/\/dutchandco.nl\/wp-content\/uploads\/2024\/08\/IMG_0263-768x525.jpg 768w, \/\/dutchandco.nl\/wp-content\/uploads\/2024\/08\/IMG_0263-300x205.jpg 300w, \/\/dutchandco.nl\/wp-content\/uploads\/2024\/08\/IMG_0263-1024x701.jpg 1024w, \/\/dutchandco.nl\/wp-content\/uploads\/2024\/08\/IMG_0263-1536x1051.jpg 1536w, \/\/dutchandco.nl\/wp-content\/uploads\/2024\/08\/IMG_0263-2048x1401.jpg 2048w\" sizes=\"(max-width: 768px) 100vw, 768px\" \/><\/div>\n\t\t<\/a>\n\t\t\t\t<div class=\"elementor-post__text\">\n\t\t\t\t<div class=\"elementor-post__title\">\n\t\t\t<a href=\"https:\/\/dutchandco.nl\/fr\/le-plus-grand-projet-solaire-sur-toiture-dafrique-mis-en-service-par-le-ministre\">\n\t\t\t\tLE PLUS GRAND PROJET SOLAIRE SUR TOITURE D&rsquo;AFRIQUE MIS EN SERVICE PAR LE MINISTRE\t\t\t<\/a>\n\t\t<\/div>\n\t\t\t\t<div class=\"elementor-post__excerpt\">\n\t\t\t<p>Le 25 juillet 2024, le plus grand projet solaire en toiture d&rsquo;Afrique, con\u00e7u et install\u00e9 par Dutch &amp; Co, a \u00e9t\u00e9 officiellement mis en service<\/p>\n\t\t<\/div>\n\t\t\t\t\t<div class=\"elementor-post__read-more-wrapper\">\n\t\t\n\t\t<a class=\"elementor-post__read-more\" href=\"https:\/\/dutchandco.nl\/fr\/le-plus-grand-projet-solaire-sur-toiture-dafrique-mis-en-service-par-le-ministre\" aria-label=\"Read more about LE PLUS GRAND PROJET SOLAIRE SUR TOITURE D&rsquo;AFRIQUE MIS EN SERVICE PAR LE MINISTRE\" tabindex=\"-1\">\n\t\t\tVoir le d\u00e9tail\t\t<\/a>\n\n\t\t\t\t\t<\/div>\n\t\t\t\t<\/div>\n\t\t\t\t<\/article>\n\t\t\t\t<article class=\"elementor-post elementor-grid-item post-6259 post type-post status-publish format-standard has-post-thumbnail hentry category-actualites\" role=\"listitem\">\n\t\t\t\t<a class=\"elementor-post__thumbnail__link\" href=\"https:\/\/dutchandco.nl\/fr\/dutch-co-se-joint-aux-leaders-de-lindustrie-lors-du-forum-annuel-de-lenergie-en-afrique\" tabindex=\"-1\">\n\t\t\t<div class=\"elementor-post__thumbnail\"><img decoding=\"async\" width=\"768\" height=\"526\" src=\"https:\/\/dutchandco.nl\/wp-content\/uploads\/2024\/08\/469407606_1158772189581962_6258531406943358254_n-768x526.jpg\" class=\"attachment-medium_large size-medium_large wp-image-7119\" alt=\"\" srcset=\"\/\/dutchandco.nl\/wp-content\/uploads\/2024\/08\/469407606_1158772189581962_6258531406943358254_n-768x526.jpg 768w, \/\/dutchandco.nl\/wp-content\/uploads\/2024\/08\/469407606_1158772189581962_6258531406943358254_n-300x205.jpg 300w, \/\/dutchandco.nl\/wp-content\/uploads\/2024\/08\/469407606_1158772189581962_6258531406943358254_n-1024x701.jpg 1024w, \/\/dutchandco.nl\/wp-content\/uploads\/2024\/08\/469407606_1158772189581962_6258531406943358254_n.jpg 1170w\" sizes=\"(max-width: 768px) 100vw, 768px\" \/><\/div>\n\t\t<\/a>\n\t\t\t\t<div class=\"elementor-post__text\">\n\t\t\t\t<div class=\"elementor-post__title\">\n\t\t\t<a href=\"https:\/\/dutchandco.nl\/fr\/dutch-co-se-joint-aux-leaders-de-lindustrie-lors-du-forum-annuel-de-lenergie-en-afrique\">\n\t\t\t\tDUTCH &amp; CO SE JOINT AUX LEADERS DE L&rsquo;INDUSTRIE LORS DU FORUM ANNUEL DE L&rsquo;ENERGIE EN AFRIQUE\t\t\t<\/a>\n\t\t<\/div>\n\t\t\t\t<div class=\"elementor-post__excerpt\">\n\t\t\t<p>Le mois dernier, Dutch &amp; Co a rejoint les leaders et les visionnaires de l&rsquo;industrie au Forum africain de l&rsquo;\u00e9nergie de cette ann\u00e9e, explorant les<\/p>\n\t\t<\/div>\n\t\t\t\t\t<div class=\"elementor-post__read-more-wrapper\">\n\t\t\n\t\t<a class=\"elementor-post__read-more\" href=\"https:\/\/dutchandco.nl\/fr\/dutch-co-se-joint-aux-leaders-de-lindustrie-lors-du-forum-annuel-de-lenergie-en-afrique\" aria-label=\"Read more about DUTCH &amp; CO SE JOINT AUX LEADERS DE L&rsquo;INDUSTRIE LORS DU FORUM ANNUEL DE L&rsquo;ENERGIE EN AFRIQUE\" tabindex=\"-1\">\n\t\t\tVoir le d\u00e9tail\t\t<\/a>\n\n\t\t\t\t\t<\/div>\n\t\t\t\t<\/div>\n\t\t\t\t<\/article>\n\t\t\t\t<article class=\"elementor-post elementor-grid-item post-6261 post type-post status-publish format-standard has-post-thumbnail hentry category-actualites\" role=\"listitem\">\n\t\t\t\t<a class=\"elementor-post__thumbnail__link\" href=\"https:\/\/dutchandco.nl\/fr\/la-gnbcc-honore-dutch-co-en-lui-accordant-une-reconnaissance-speciale-pour-son-role-de-membre-fondateur\" tabindex=\"-1\">\n\t\t\t<div class=\"elementor-post__thumbnail\"><img decoding=\"async\" width=\"768\" height=\"576\" src=\"https:\/\/dutchandco.nl\/wp-content\/uploads\/2024\/08\/1717539754841-768x576.jpeg\" class=\"attachment-medium_large size-medium_large wp-image-7121\" alt=\"\" srcset=\"\/\/dutchandco.nl\/wp-content\/uploads\/2024\/08\/1717539754841-768x576.jpeg 768w, \/\/dutchandco.nl\/wp-content\/uploads\/2024\/08\/1717539754841-300x225.jpeg 300w, \/\/dutchandco.nl\/wp-content\/uploads\/2024\/08\/1717539754841.jpeg 800w\" sizes=\"(max-width: 768px) 100vw, 768px\" \/><\/div>\n\t\t<\/a>\n\t\t\t\t<div class=\"elementor-post__text\">\n\t\t\t\t<div class=\"elementor-post__title\">\n\t\t\t<a href=\"https:\/\/dutchandco.nl\/fr\/la-gnbcc-honore-dutch-co-en-lui-accordant-une-reconnaissance-speciale-pour-son-role-de-membre-fondateur\">\n\t\t\t\tLA GNBCC HONORE DUTCH CO EN LUI ACCORDANT UNE RECONNAISSANCE SP\u00c9CIALE POUR SON R\u00d4LE DE MEMBRE FONDATEUR\t\t\t<\/a>\n\t\t<\/div>\n\t\t\t\t<div class=\"elementor-post__excerpt\">\n\t\t\t<p>Le 30 mai 2024, lors de l&rsquo;assembl\u00e9e g\u00e9n\u00e9rale annuelle de la Chambre de commerce Ghana-Pays-Bas (GNBCC), Dutch Co a \u00e9t\u00e9 officiellement reconnue et remerci\u00e9e pour<\/p>\n\t\t<\/div>\n\t\t\t\t\t<div class=\"elementor-post__read-more-wrapper\">\n\t\t\n\t\t<a class=\"elementor-post__read-more\" href=\"https:\/\/dutchandco.nl\/fr\/la-gnbcc-honore-dutch-co-en-lui-accordant-une-reconnaissance-speciale-pour-son-role-de-membre-fondateur\" aria-label=\"Read more about LA GNBCC HONORE DUTCH CO EN LUI ACCORDANT UNE RECONNAISSANCE SP\u00c9CIALE POUR SON R\u00d4LE DE MEMBRE FONDATEUR\" tabindex=\"-1\">\n\t\t\tVoir le d\u00e9tail\t\t<\/a>\n\n\t\t\t\t\t<\/div>\n\t\t\t\t<\/div>\n\t\t\t\t<\/article>\n\t\t\t\t<article class=\"elementor-post elementor-grid-item post-6263 post type-post status-publish format-standard has-post-thumbnail hentry category-actualites\" role=\"listitem\">\n\t\t\t\t<a class=\"elementor-post__thumbnail__link\" href=\"https:\/\/dutchandco.nl\/fr\/dutch-co-remporte-le-prix-de-lexcellence-en-matiere-dinnovation-lors-du-gala-et-de-la-soiree-de-remise-des-prix-de-la-cci-france-ghana-2024\" tabindex=\"-1\">\n\t\t\t<div class=\"elementor-post__thumbnail\"><img loading=\"lazy\" decoding=\"async\" width=\"768\" height=\"878\" src=\"https:\/\/dutchandco.nl\/wp-content\/uploads\/2024\/08\/1717681723369-768x878.jpeg\" class=\"attachment-medium_large size-medium_large wp-image-7764\" alt=\"\" srcset=\"\/\/dutchandco.nl\/wp-content\/uploads\/2024\/08\/1717681723369-768x878.jpeg 768w, \/\/dutchandco.nl\/wp-content\/uploads\/2024\/08\/1717681723369-262x300.jpeg 262w, \/\/dutchandco.nl\/wp-content\/uploads\/2024\/08\/1717681723369.jpeg 800w\" sizes=\"(max-width: 768px) 100vw, 768px\" \/><\/div>\n\t\t<\/a>\n\t\t\t\t<div class=\"elementor-post__text\">\n\t\t\t\t<div class=\"elementor-post__title\">\n\t\t\t<a href=\"https:\/\/dutchandco.nl\/fr\/dutch-co-remporte-le-prix-de-lexcellence-en-matiere-dinnovation-lors-du-gala-et-de-la-soiree-de-remise-des-prix-de-la-cci-france-ghana-2024\">\n\t\t\t\tDUTCH  CO REMPORTE LE PRIX DE L&rsquo;EXCELLENCE EN MATI\u00c8RE D&rsquo;INNOVATION LORS DU GALA ET DE LA SOIR\u00c9E DE REMISE DES PRIX DE LA CCI FRANCE GHANA 2024 !\t\t\t<\/a>\n\t\t<\/div>\n\t\t\t\t<div class=\"elementor-post__excerpt\">\n\t\t\t<p>La Chambre de commerce et d&rsquo;industrie fran\u00e7aise au Ghana (CCI France Ghana) a d\u00e9cern\u00e9 \u00e0 Dutch Co le prix de l&rsquo;excellence en mati\u00e8re d&rsquo;innovation en<\/p>\n\t\t<\/div>\n\t\t\t\t\t<div class=\"elementor-post__read-more-wrapper\">\n\t\t\n\t\t<a class=\"elementor-post__read-more\" href=\"https:\/\/dutchandco.nl\/fr\/dutch-co-remporte-le-prix-de-lexcellence-en-matiere-dinnovation-lors-du-gala-et-de-la-soiree-de-remise-des-prix-de-la-cci-france-ghana-2024\" aria-label=\"Read more about DUTCH  CO REMPORTE LE PRIX DE L&rsquo;EXCELLENCE EN MATI\u00c8RE D&rsquo;INNOVATION LORS DU GALA ET DE LA SOIR\u00c9E DE REMISE DES PRIX DE LA CCI FRANCE GHANA 2024 !\" tabindex=\"-1\">\n\t\t\tVoir le d\u00e9tail\t\t<\/a>\n\n\t\t\t\t\t<\/div>\n\t\t\t\t<\/div>\n\t\t\t\t<\/article>\n\t\t\t\t<article class=\"elementor-post elementor-grid-item post-6265 post type-post status-publish format-standard has-post-thumbnail hentry category-actualites\" role=\"listitem\">\n\t\t\t\t<a class=\"elementor-post__thumbnail__link\" href=\"https:\/\/dutchandco.nl\/fr\/des-etincelles-brillantes-les-employees-de-dutch-co-se-distinguent-dans-un-monde-dhommes\" tabindex=\"-1\">\n\t\t\t<div class=\"elementor-post__thumbnail\"><img loading=\"lazy\" decoding=\"async\" width=\"768\" height=\"499\" src=\"https:\/\/dutchandco.nl\/wp-content\/uploads\/2024\/05\/1709883241938-768x499.jpeg\" class=\"attachment-medium_large size-medium_large wp-image-7127\" alt=\"\" srcset=\"\/\/dutchandco.nl\/wp-content\/uploads\/2024\/05\/1709883241938-768x499.jpeg 768w, \/\/dutchandco.nl\/wp-content\/uploads\/2024\/05\/1709883241938-300x195.jpeg 300w, \/\/dutchandco.nl\/wp-content\/uploads\/2024\/05\/1709883241938.jpeg 800w\" sizes=\"(max-width: 768px) 100vw, 768px\" \/><\/div>\n\t\t<\/a>\n\t\t\t\t<div class=\"elementor-post__text\">\n\t\t\t\t<div class=\"elementor-post__title\">\n\t\t\t<a href=\"https:\/\/dutchandco.nl\/fr\/des-etincelles-brillantes-les-employees-de-dutch-co-se-distinguent-dans-un-monde-dhommes\">\n\t\t\t\tDES \u00c9TINCELLES BRILLANTES &#8211; LES EMPLOY\u00c9ES DE DUTCH CO SE DISTINGUENT DANS UN MONDE D&rsquo;HOMMES\t\t\t<\/a>\n\t\t<\/div>\n\t\t\t\t<div class=\"elementor-post__excerpt\">\n\t\t\t<p>Selon un rapport de 2022 de l &lsquo; Agence internationale pour les \u00e9nergies renouvelables (IRENA),les femmes occupent 40 % des emplois dans le secteur de<\/p>\n\t\t<\/div>\n\t\t\t\t\t<div class=\"elementor-post__read-more-wrapper\">\n\t\t\n\t\t<a class=\"elementor-post__read-more\" href=\"https:\/\/dutchandco.nl\/fr\/des-etincelles-brillantes-les-employees-de-dutch-co-se-distinguent-dans-un-monde-dhommes\" aria-label=\"Read more about DES \u00c9TINCELLES BRILLANTES &#8211; LES EMPLOY\u00c9ES DE DUTCH CO SE DISTINGUENT DANS UN MONDE D&rsquo;HOMMES\" tabindex=\"-1\">\n\t\t\tVoir le d\u00e9tail\t\t<\/a>\n\n\t\t\t\t\t<\/div>\n\t\t\t\t<\/div>\n\t\t\t\t<\/article>\n\t\t\t\t<article class=\"elementor-post elementor-grid-item post-6267 post type-post status-publish format-standard has-post-thumbnail hentry category-actualites\" role=\"listitem\">\n\t\t\t\t<a class=\"elementor-post__thumbnail__link\" href=\"https:\/\/dutchandco.nl\/fr\/les-energies-totales-recompensent-dutch-co-pour-la-securite-et-l-excellence\" tabindex=\"-1\">\n\t\t\t<div class=\"elementor-post__thumbnail\"><img loading=\"lazy\" decoding=\"async\" width=\"768\" height=\"763\" src=\"https:\/\/dutchandco.nl\/wp-content\/uploads\/2024\/03\/IMG_E0026-768x763.jpg\" class=\"attachment-medium_large size-medium_large wp-image-7776\" alt=\"\" srcset=\"\/\/dutchandco.nl\/wp-content\/uploads\/2024\/03\/IMG_E0026-768x763.jpg 768w, \/\/dutchandco.nl\/wp-content\/uploads\/2024\/03\/IMG_E0026-300x298.jpg 300w, \/\/dutchandco.nl\/wp-content\/uploads\/2024\/03\/IMG_E0026-1024x1018.jpg 1024w, \/\/dutchandco.nl\/wp-content\/uploads\/2024\/03\/IMG_E0026-150x150.jpg 150w, \/\/dutchandco.nl\/wp-content\/uploads\/2024\/03\/IMG_E0026-1536x1527.jpg 1536w, \/\/dutchandco.nl\/wp-content\/uploads\/2024\/03\/IMG_E0026-2048x2035.jpg 2048w\" sizes=\"(max-width: 768px) 100vw, 768px\" \/><\/div>\n\t\t<\/a>\n\t\t\t\t<div class=\"elementor-post__text\">\n\t\t\t\t<div class=\"elementor-post__title\">\n\t\t\t<a href=\"https:\/\/dutchandco.nl\/fr\/les-energies-totales-recompensent-dutch-co-pour-la-securite-et-l-excellence\">\n\t\t\t\tLES \u00c9NERGIES TOTALES R\u00c9COMPENSENT DUTCH CO POUR LA S\u00c9CURIT\u00c9 ET L&rsquo; EXCELLENCE\t\t\t<\/a>\n\t\t<\/div>\n\t\t\t\t<div class=\"elementor-post__excerpt\">\n\t\t\t<p>Garantir la s\u00e9curit\u00e9 du lieu de travail et de l&rsquo; environnement du chantier est primordial pour le bien-\u00eatre de tous les employ\u00e9s et sous-traitants .<\/p>\n\t\t<\/div>\n\t\t\t\t\t<div class=\"elementor-post__read-more-wrapper\">\n\t\t\n\t\t<a class=\"elementor-post__read-more\" href=\"https:\/\/dutchandco.nl\/fr\/les-energies-totales-recompensent-dutch-co-pour-la-securite-et-l-excellence\" aria-label=\"Read more about LES \u00c9NERGIES TOTALES R\u00c9COMPENSENT DUTCH CO POUR LA S\u00c9CURIT\u00c9 ET L&rsquo; EXCELLENCE\" tabindex=\"-1\">\n\t\t\tVoir le d\u00e9tail\t\t<\/a>\n\n\t\t\t\t\t<\/div>\n\t\t\t\t<\/div>\n\t\t\t\t<\/article>\n\t\t\t\t<\/div>\n\t\t\t\t\t<span class=\"e-load-more-spinner\">\n\t\t\t\t<svg aria-hidden=\"true\" class=\"e-font-icon-svg e-fas-circle-notch\" viewBox=\"0 0 512 512\" xmlns=\"http:\/\/www.w3.org\/2000\/svg\"><path d=\"M288 39.056v16.659c0 10.804 7.281 20.159 17.686 23.066C383.204 100.434 440 171.518 440 256c0 101.689-82.295 184-184 184-101.689 0-184-82.295-184-184 0-84.47 56.786-155.564 134.312-177.219C216.719 75.874 224 66.517 224 55.712V39.064c0-15.709-14.834-27.153-30.046-23.234C86.603 43.482 7.394 141.206 8.003 257.332c.72 137.052 111.477 246.956 248.531 246.667C393.255 503.711 504 392.788 504 256c0-115.633-79.14-212.779-186.211-240.236C302.678 11.889 288 23.456 288 39.056z\"><\/path><\/svg>\t\t\t<\/span>\n\t\t\n\t\t\t\t<div class=\"e-load-more-anchor\" data-page=\"1\" data-max-page=\"3\" data-next-page=\"https:\/\/dutchandco.nl\/fr\/wp-json\/wp\/v2\/pages\/6481\/page\/2\"><\/div>\n\t\t\t\t<div class=\"e-load-more-message\"><\/div>\n\t\t\t\t\t\t<\/div>\n\t\t\t\t<\/div>\n\t\t\t\t\t<\/div>\n\t\t\t\t<\/div>\n\t\t\t\t<\/div>\n\t\t","protected":false},"excerpt":{"rendered":"<p>Explore notre derniers projets,activit\u00e9s et pertinente nouvelles Afin de vous tenir inform\u00e9 de nos activit\u00e9s, de nos projets et de l&rsquo;actualit\u00e9 g\u00e9n\u00e9rale li\u00e9e \u00e0 notre activit\u00e9, vous trouverez ci-dessous des liens vers des articles pertinents, projets et des nouvelles g\u00e9n\u00e9rales li\u00e9es \u00e0 nos activit\u00e9s , vous trouverez ici des liens vers des articles pertinents, des [&hellip;]<\/p>\n","protected":false},"author":1,"featured_media":0,"parent":0,"menu_order":0,"comment_status":"closed","ping_status":"closed","template":"","meta":{"inline_featured_image":false,"footnotes":""},"class_list":["post-6481","page","type-page","status-publish","hentry"],"acf":[],"_links":{"self":[{"href":"https:\/\/dutchandco.nl\/fr\/wp-json\/wp\/v2\/pages\/6481","targetHints":{"allow":["GET"]}}],"collection":[{"href":"https:\/\/dutchandco.nl\/fr\/wp-json\/wp\/v2\/pages"}],"about":[{"href":"https:\/\/dutchandco.nl\/fr\/wp-json\/wp\/v2\/types\/page"}],"author":[{"embeddable":true,"href":"https:\/\/dutchandco.nl\/fr\/wp-json\/wp\/v2\/users\/1"}],"replies":[{"embeddable":true,"href":"https:\/\/dutchandco.nl\/fr\/wp-json\/wp\/v2\/comments?post=6481"}],"version-history":[{"count":10,"href":"https:\/\/dutchandco.nl\/fr\/wp-json\/wp\/v2\/pages\/6481\/revisions"}],"predecessor-version":[{"id":7909,"href":"https:\/\/dutchandco.nl\/fr\/wp-json\/wp\/v2\/pages\/6481\/revisions\/7909"}],"wp:attachment":[{"href":"https:\/\/dutchandco.nl\/fr\/wp-json\/wp\/v2\/media?parent=6481"}],"curies":[{"name":"wp","href":"https:\/\/api.w.org\/{rel}","templated":true}]}}